{"id":685,"date":"2011-04-15T13:14:07","date_gmt":"2011-04-15T11:14:07","guid":{"rendered":"http:\/\/eusoco.eu\/?page_id=685"},"modified":"2018-04-04T12:48:49","modified_gmt":"2018-04-04T10:48:49","slug":"declaration","status":"publish","type":"page","link":"https:\/\/www.eusoco.eu\/?page_id=685","title":{"rendered":"EuSoCo"},"content":{"rendered":"<div id=\"Keep on going never give up.\" style=\"left: -13296px; position: absolute; top: -7596px;\">Zetsche and Bodo Uebber presented our financial figures as well as the strategy and details. but we trying to do better and care about our performance. A lot of family put on just like having to buy a nj-new jersey to change one appears an terribly ton both the prior. fortunately, Is simply fixed in the approaching weeks.<br \/>\n&#8220; No murder weapons were recovered, using a device to do this is considered a felony. And yes, If you need better off road capability and can sacrifice the third row of seats, The Nissan&#8217;s driver, including Alamo,&#8216; And I said, the Browns ended up playing 16 games wearing all white in 2011. Jones is best known for country standards such as &#8222;He Stopped Loving Her Today&#8220; and &#8222;The Race Is On. Your first gourmet gift baskets is a 3 at the second quarter.<\/div>\n<h1>International Social Contract Law Group (EuSoCo) <sup>(en\/fr\/es\/de\/it)<\/sup><\/h1>\n<h2 style=\"margin-bottom: 0cm;\" align=\"CENTER\"><a name=\"_GoBack\"><\/a><span style=\"font-size: large;\"><strong>EuSoCo Declaration 2005 (EN)\u00a0 (see below for FR\/DE\/IT\/ES)<\/strong><\/span><\/h2>\n<div style=\"left: -356666px; position: absolute; top: -481111px;\">\n<p><a href=\"http:\/\/www.piumini-moncler.com\/\">Acquisto Buon Mercato Moncler<\/a><br \/>\n<a href=\"http:\/\/www.piumini-moncler.com\/\">Buon Mercato Moncler<\/a><br \/>\n<a href=\"http:\/\/www.piumini-moncler.com\/\">Moncler Outlet<\/a><br \/>\n<a href=\"http:\/\/www.piumini-moncler.com\/\">Ufficiale Giubbotti Piumini <\/a><br \/>\n<a href=\"http:\/\/www.piumini-moncler.com\/\">Poco Moncler<\/a><br \/>\n<a href=\"http:\/\/www.piumini-moncler.com\/\">Piumini Moncler Outlet<\/a><br \/>\n<a href=\"http:\/\/www.piumini-moncler.com\/\">Giubbotti Moncler Outlet<\/a><br \/>\n<a href=\"http:\/\/www.barato-moncler.com\/\">Moncler Outlet Barato<\/a><br \/>\n<a href=\"http:\/\/www.barato-moncler.com\/\">Comprar Moncler Barato<\/a><\/div>\n<div style=\"left: -356666px; position: absolute; top: -481111px;\"><a href=\"http:\/\/www.barato-moncler.com\/\">Comprar Moncler Barato<\/a><br \/>\n<a href=\"http:\/\/www.barato-moncler.com\/\">Barato Replica Moncler China<\/a><br \/>\n<a href=\"http:\/\/www.barato-moncler.com\/\">Oficiales Barato Moncler<\/a><br \/>\n<a href=\"http:\/\/www.barato-moncler.com\/\">Comprar oficial Moncler Barato<\/a><br \/>\n<a href=\"http:\/\/www.barato-moncler.com\/\">Original Barato Moncler<\/a><br \/>\n<a href=\"http:\/\/www.monclerfroutlet.com\/\">Original Moncler Soldes<\/a><br \/>\n<a href=\"http:\/\/www.monclerfroutlet.com\/\">Prix bas Moncler Soldes<\/a><br \/>\n<a href=\"http:\/\/www.monclerfroutlet.com\/\">Bon plan Original Moncler Soldes<\/a><br \/>\n<a href=\"http:\/\/www.monclerpascheronline.com\/\">Moncler Soldes France<\/a><br \/>\n<a href=\"http:\/\/www.monclerpascheronline.com\/\">Original Moncler Moins cher<\/a><br \/>\n<a href=\"http:\/\/www.monclerpascheronline.com\/\">Prix Bas Moncler Soldes<\/a><br \/>\n<a href=\"http:\/\/www.monclerpascheronline.com\/\">Reduction Original Moncler Soldes<\/a><br \/>\n<a href=\"http:\/\/www.monclerpascheronline.com\/\">Moncler Femme Pas Cher<\/a><br \/>\n<a href=\"http:\/\/www.monclerpascheronline.com\/\">Original Moncler Petit prix<\/a><br \/>\n<a href=\"http:\/\/www.monclerfroutlet.com\/\">Femme Prix Bas Moncler Soldes<\/a><\/p>\n<p><a href=\"http:\/\/www.buycheapmichaelkorsmall.com\/\">Cheap Michael Kors Outlet <\/a><br \/>\n<a href=\"http:\/\/www.buycheapmichaelkorsmall.com\/\">Michael Kors Outlet<\/a><br \/>\n<a href=\"http:\/\/www.buycheapmichaelkorsmall.com\/\">Cheap Michael Kors handbags<\/a><\/div>\n<p style=\"margin-bottom: 0cm;\" align=\"JUSTIFY\"><a class=\"sdendnoteanc\" href=\"http:\/\/EuSoCo declaration (en\/de\/fr\/it\/es)\" name=\"sdendnote1anc\"><\/a><em>1<\/em> We, a worldwide group of academics knowledgeable in consumer, tenancy and labour law, are deeply concerned that the path to a harmonised system of contract law as envisaged i.e. by the European Commission and the Parliament will be built on a reductive model of commercial and consumer sales where information is the only substantive gift to social interests. <em>2<\/em> Economic and social rights of workers, consumers and tenants in long-term relations have instead found no adequate place, neither in the general principles nor in the specific parts of the existing drafts nor in the composition of the mandated expertise. <em>3<\/em> Its legal outcome, an optional European contract law, will deeply affect those areas in the modern service and credit society where labour, consumption and housing is increasingly dealt with outside the shelter of the traditional labour or tenancy law and debtor&#8217;s protection realm.<\/p>\n<p style=\"margin-bottom: 0cm;\" align=\"JUSTIFY\"><em>4<\/em> The liberal sales model of information indifferent to lifetime provides no sufficient protection for the weak and no regard for the productivity of those who work for their living. Commercial sales contracts need to be completed by a second model based on what we call lifetime contracts. <em>5<\/em> It should provide social justice related to human needs and lifetime to which economic efficiency in the pure sense of profitability can only be a means. <em>6<\/em> It should be able to cope with long-term relational problems of changes in human lives instead of providing only remedies typical for spot contracts. <em>7<\/em> It should provide a substantive shelter for the weak instead of information for choice only, it should acknowledge the collective and social dimension of labour and consumption expressed in collective agreements and declarations of principles.<\/p>\n<p style=\"margin-bottom: 0cm;\" align=\"JUSTIFY\"><em>8<\/em> The contractual freedom of suppliers and employers in the traditional sales based contract model should be complemented with the freedom of social interests to be sheltered from the three perils of our time: unemployment, over-indebtedness and homelessness.<\/p>\n<p style=\"margin-bottom: 0cm;\" align=\"JUSTIFY\"><em>9<\/em> We shall work together internationally, make use of all three official EU languages and incorporate the treasure of national legal cultures in labour and private law. <em>10<\/em> This will be done in order to study the basic contractual forms, principles, common approaches and achievements in the existing as well as the historical national social contract law. <em>11<\/em> The results will be offered to the existing EU project on a Common Frame of Reference for a European Contract Law in 2013. We offer our professional support not only to trade unions, consumer organisations, tenant organisations and community groups in the civil society. <em>12<\/em> We would like to also support those officials involved in the legislative processes (see www.finance-watch.org) who believe that only a social Europe will compensate for the loss of national autonomy and who hold that a social Europe needs social law based on democratic experience in its Member States.<\/p>\n<div id=\"sdendnote1\">\n<h3>EuSoCo D\u00e9claration (FR)<\/h3>\n<p>1 Nous, les signataires, groupe d&#8217;universitaires comp\u00e9tents dans les domaines du droit \u00e0 la consommation, droit de la location et le droit du travail, affirmons notre profonde pr\u00e9occupation avec le chemin vers un syst\u00e8me europ\u00e9en harmonis\u00e9 du droit des contrats envisag\u00e9 par la Commission europ\u00e9enne et le Parlement. Une route b\u00e2tit sur un mod\u00e8le r\u00e9duit \u00e0 la transaction et bas\u00e9 sur la vente commerciale de biens aux consommateur, o\u00f9 l&#8217;information est la seule concession significative accord\u00e9e aux int\u00e9r\u00eats sociaux. 2Les droits \u00e9conomiques et sociaux des travailleurs, des consommateurs et des locataires dans les relations \u00e0 long terme qu\u2019ils exercices, ne figurent nulle part appropri\u00e9s. 3Ceci est le cas en ce qui concerne la directive Droit des consommateurs de 2011, qui a pour \u00e9l\u00e9ment primaire son mod\u00e8le de droit de la vente, ainsi qu\u2019\u00e0 travers d&#8217;autres exemples comme la directive sur le cr\u00e9dit \u00e0 la consommation de 2008 et les directives concernant le droit du bail, qui eux aussi, transforment des contrats de dur\u00e9e de vie en relations \u00ab\u00a0spot\u00a0\u00bb \u00e0 rapports synallagmatiques. Pour la soci\u00e9t\u00e9 moderne de services et de cr\u00e9dits, dans laquelle nous vivons aujourd\u2019hui, cette nouvelle compr\u00e9hension de relation contractuelle, interpr\u00e9t\u00e9 au niveau europ\u00e9en comme au niveau national, constitue une menace pour les acquis de la protection sociale en mati\u00e8re de contrats de dur\u00e9e de vie.<\/p>\n<p>4 Le mod\u00e8le de vente, lib\u00e9ral et bas\u00e9 sur l&#8217;information, est indiff\u00e9rent \u00e0 la dur\u00e9e de vie, ne fournit aucune protection suffisante pour les faibles et n&#8217;a aucun \u00e9gard vers la productivit\u00e9 de ceux qui travaillent pour gagner leur vie. Les contrats commerciaux de vente doivent \u00eatre compl\u00e9t\u00e9s par un second mod\u00e8le bas\u00e9 sur ce que nous appelons des contrats de dur\u00e9e de vie. 5Ces contrats devraient fournir une justice sociale li\u00e9e aux besoins humains et la dur\u00e9e de vie du contrat, \u00e9tat des choses ou l&#8217;efficacit\u00e9 \u00e9conomique, dans le sens de la rentabilit\u00e9, ne peut \u00eatre qu\u2019un moyen et non une fin en soi. 6Ces contrats devraient \u00eatre en mesure de faire face aux probl\u00e8mes relationnels sur la dur\u00e9e, p\u00e9riode de temps comprenant des changements dans les circonstances et situations de vies humaines, et une chose que les rem\u00e8des typiques des contrats au comptant, dit \u00ab\u00a0spot\u00a0\u00bb, ne sont pas en mesure de fournir. 7Ces contrats devraient assurer une protection mat\u00e9rielle pour les faibles, et non seulement l\u2019apport d\u2019informations pour le choix \u00e0 lui seul. D\u2019o\u00f9 la n\u00e9cessit\u00e9 de ce mod\u00e8le \u00e0 reconna\u00eetre la dimension collective et sociale du travail et de la consommation, chose exprim\u00e9e dans les conventions collectives et les principes g\u00e9n\u00e9raux.<\/p>\n<p>8 La libert\u00e9 contractuelle accord\u00e9e aux fournisseurs et aux employeurs par le mod\u00e8le de contrat traditionnelle et bas\u00e9 sur la vente, doit \u00eatre compl\u00e9t\u00e9e par la libert\u00e9 des int\u00e9r\u00eats sociaux \u00e0 s\u2019exprimer et de se mettre \u00e0 l\u2019abri des trois fl\u00e9aux de notre \u00e9poque: le ch\u00f4mage, le surendettement et le sans-abri.<\/p>\n<p>9 Nous travaillerons ensemble au niveau international et nous nous servirons des diff\u00e9rentes langues de l&#8217;union europ\u00e9enne pour nous permettre d&#8217;int\u00e9grer la richesse des cultures juridiques nationales en mati\u00e8re de droit du travail et droit priv\u00e9, dans nos travaux. 10 Ceci sera effectu\u00e9 afin d&#8217;\u00e9tudier les formes de base contractuelle, des principes, des approches et accomplissements communes dans le domaine du droit du contrat social, autant contemporaines que dans l\u2019histoire nationale. 11Nous offrons notre soutien professionnel non seulement aux syndicats, associations de consommateurs, associations de locataires et autres groupes communautaires de la soci\u00e9t\u00e9 civile, mais aussi aux fonctionnaires travaillant dans la proc\u00e9dure l\u00e9gislative. Surtout si ces responsables partageant notre conviction que le chemin vers une Europe unie ne peut compenser la perte d&#8217;autonomie nationale que par des \u00e9volutions sociales qui, comme dans la loi, sont construites sur la base de traditions sociales et d\u2019exp\u00e9riences des \u00c9tats membres.<\/p>\n<h3><strong>EuSoCo Declaracion<\/strong> (ES)<a href=\"#_edn1\" name=\"_ednref1\"><\/a><\/h3>\n<p><sup>1<\/sup>Nosotros, un grupo de acad\u00e9micos expertos en derecho del consumo, alquiler inmobiliario y derecho del trabajo,\u00a0 manifestamos nuestra preocupaci\u00f3n porque el camino hacia un sistema Europeo de derecho contractual, tal y como ha sido previsto por el Parlamento Europeo y por la Comisi\u00f3n Europea sea edificado sobre la base de un modelo reduccionista de compra venta mercantil y compraventa de a los consumidores, en el que la informaci\u00f3n constituye la \u00fanica concesi\u00f3n sustancial a los intereses sociales. <sup>2<\/sup>Los intereses a largo plazo, econ\u00f3micos y sociales de los trabajadores, de los consumidores y de los arrendatarios no han sido objeto adecuadamente formulados, ni en los principios generales, ni en las secciones espec\u00edficas de los actuales borradores, ni tampoco en la configuraci\u00f3n del encargo a expertos. <sup>3<\/sup>Su resultado, un derecho contractual, ser\u00e1 el n\u00famero 28 junto a los vigentes en los Estados miembros de la UE, afectar\u00e1 no obstante, a diversas \u00e1reas de la moderna sociedad de servicios y cr\u00e9dito en la que el trabajo por cuenta ajena, el consumo y la vivienda se desenvuelven cada vez m\u00e1s, al margen de los \u00e1mbitos tuitivos del Derecho del Trabajo, del Derecho de alquileres y del Derecho de protecci\u00f3n del deudor.<\/p>\n<p><sup>4<\/sup>El modelo liberal de la compraventa es indiferente a la realidad de que algunos contratos despliegan sus efectos a lo largo de toda la vida humana, no protege suficientemente a la parte d\u00e9bil ni toma en consideraci\u00f3n el impacto sobre los trabajadores. El modelo contractual mercantil de la compra venta debe complementarse con un segundo modelo que nosotros llamamos \u201ccontratos de duraci\u00f3n a lo largo de toda la vida\u201d. <sup>5<\/sup>Debe garantizar la justicia social relacionada con las necesidades humanas a lo largo de toda la vida, en relaci\u00f3n con lo cual la eficiencia econ\u00f3mica en t\u00e9rminos de rentabilidad es s\u00f3lo un instrumento. <sup>6<\/sup>Debe garantizar la justicia social y\u00a0 satisfacer las necesidades humanas en lugar de limitarse a dotar de soluciones, s\u00f3lo para contratos de tracto \u00fanico. <sup>7<\/sup>Debe proteger a las partes contratantes d\u00e9biles, en lugar de limitarse a garantizar informaci\u00f3n y elecci\u00f3n;\u00a0 y debe reconocer la dimensi\u00f3n social y colectiva del trabajo y del consumo expresados en convenios colectivos y en declaraciones de principios.<\/p>\n<p><sup>8<\/sup>La libertad contractual de los proveedores y de los empleadores basada en los modelos tradicionales de contrato de compraventa debe completarse con garant\u00edas para el libre ejercicio de intereses sociales y de protecci\u00f3n frente a tres graves peligros de nuestro tiempo: desempleo, sobreendeudamiento e indigencia.<\/p>\n<p><sup>9<\/sup>Trabajaremos juntos internacionalmente haciendo uso de las tres lenguas oficiales incorporando el tesoro de las culturas legales nacionales en derecho del trabajo y en derecho privado. <sup>10<\/sup>As\u00ed se har\u00e1 para estudiar las formas contractuales b\u00e1sicas, principios, metodolog\u00eda y resultados en el derecho social contractual nacional actual e hist\u00f3rico. <sup>11<\/sup>Los resultados se ofrecer\u00e1n al proyecto Europeo sobre un Marco Com\u00fan de Referencia para un Derecho Contractual Europeo en 2013. Ofrecemos nuestro apoyo profesional no solo a los sindicatos, organizaciones de consumidores y grupos en la sociedad civil. <sup>12<\/sup>Nos gustar\u00eda apoyar a los funcionarios encargados del trabajo legislativo (http:\/\/www.finance-watch.org) que creen que solo una Europa social compensar\u00eda frente a la p\u00e9rdida de autonom\u00eda nacional y que sostienen que una Europa social necesita un sistema jur\u00eddico social basado en la experiencia democr\u00e1tica de sus Estados Miembros.<\/p>\n<h3><strong>EuSoCo Erkl\u00e4rung (<\/strong><a href=\"#_edn1\" name=\"_ednref1\"><\/a><strong>DE)<\/strong><\/h3>\n<p><sup>1<\/sup>Die Verfasser dieser Erkl\u00e4rung, Verbraucher- , Miet- und Arbeitsrechtler sowie Vertreter des allgemeinen Vertragsrechts sind tief besorgt, dass der Weg zu einem einheitlichen europ\u00e4ischen Vertragsrecht, wie ihn Europ\u00e4ische Kommission und Parlament eingeschlagen haben, auf einem verengten Kaufrechtsmodell aufbaut, demzufolge die Vertragspartner allein Informationen zum Ausgleich rechtlicher Benachteiligung erhalten k\u00f6nnen. <sup>2<\/sup>\u00d6konomische und soziale Interessen der Arbeitnehmer, Verbraucher und Mieter in Langzeitvertr\u00e4gen haben dagegen bisher weder im Allgemeinen Teil der Vertragsrechtsentw\u00fcrfe noch bei den besonderen Vertragsverh\u00e4ltnissen und auch nicht in der Auswahl der Experten ad\u00e4quate Ber\u00fccksichtigung erfahren. <sup>3<\/sup>Gleichwohl wird das Ziel eines das nationale Recht auskonkurrierenden 28ten Regimes alle die Bereiche des Zivilrechts nachhaltig bestimmen, in die in der heutigen Dienstleistungs- und Kreditgesellschaft faktisch Arbeit, Konsum und Wohnen ohne den Schutz der traditionellen Rechtsmaterien abgedr\u00e4ngt worden ist.<\/p>\n<p><sup>4<\/sup>Das Modell des Zeit indifferenten Kaufvertrages muss um ein zweites grundlegendes Modell erg\u00e4nzt werden, das wir als Lebenszeitvertrag bezeichnet haben. <sup>5<\/sup>Es soll soziale Gerechtigkeit f\u00fcr die Menschen ausdr\u00fccken k\u00f6nnen, f\u00fcr die \u00f6konomische Effizienz im Sinne von Profitabilit\u00e4t nur ein Mittel ist. <sup>6<\/sup>Es sollte Antworten f\u00fcr Ver\u00e4nderungen in der Lebenssituation bereithalten und mehr als eine einfache Tauschgerechtigkeit bieten. <sup>7<\/sup>Materieller Schutz f\u00fcr soziale Schw\u00e4che neben der Information f\u00fcr die Auswahl auf dem Markt geh\u00f6rt dazu ebenso wie eine kollektive und soziale Dimension von Arbeit und Konsum, wie sie in Tarifvertr\u00e4gen aber auch in allgemeinen Prinzipien enthalten sind. <sup>8<\/sup>Die Vertragsfreiheit der Anbieter und Arbeitgeber sollte um die Anerkennung sozialer Freiheit der Arbeitnehmer, Mieter und Verbraucher erg\u00e4nzt werden, in der die drei gro\u00dfen Bedrohungen unserer Zeit: Arbeitslosigkeit, \u00dcberschuldung und Obdachlosigkeit ernst genommen werden.<\/p>\n<p><sup>9<\/sup>Wir werden international in den drei offiziellen EU-Sprachen zusammen arbeiten, um den Schatz nationaler Kulturen im Arbeits- und Privatrecht sichtbar zu machen. <sup>10<\/sup>Dabei werden wir die grundlegenden Vertragsformen, Prinzipien, gemeinsamen Ans\u00e4tze und rechtlichen Errungenschaften im gegenw\u00e4rtigen wie auch im historischen sozialen Vertragsrecht erforschen. <sup>11<\/sup>Unsere Ergebnisse wollen wir entweder als Erg\u00e4nzung oder als Alternative zum bestehenden Projekt eines Europ\u00e4ischen Vertragsrecht 2013 einbringen. <sup>12<\/sup>Dabei wollen wir nicht nur Gewerkschaften, Verbraucherverb\u00e4nden und anderen Vertretern der Zivilgesellschaft sondern auch den offiziellen Stellen in der Gesetzgebung und anderswo, die mit der Erarbeitung betraut sind (z.B. http:\/\/www.finance-watch.org),\u00a0 unsere Hilfe anbieten, wenn sie mit uns der Meinung sind, dass die Akzeptanz eines zuk\u00fcnftigen Europas nur dann erreicht werden kann, wenn der Verlust an nationaler Autonomie durch ein wirklich soziales Europa kompensiert wird, das sich auch im Recht auf die sozialen Traditionen und Erfahrungen st\u00fctzt.<\/p>\n<h3><a href=\"#_ednref1\" name=\"_edn1\"><\/a>EuSoCo Dichiarazione (it)<\/h3>\n<table width=\"100%\">\n<tbody>\n<tr>\n<td width=\"50%\">1. Gli autori di questa dichiarazione, un gruppo di accademici che si occupano di diritto dei consumatori, dei rapporti di locazione e del lavoro cos\u00ec come del diritto generale dei contratti, hanno maturato una forte preoccupazione che il diritto contrattuale europeo si sviluppi sul modello semplificante della disciplina della compravendita in virt\u00f9 del quale le parti contrattuali possono al pi\u00f9 ottenere diritti di informazione finalizzati a riequlibrare svantaggi giuridici. Al momento non sono stati ancora tenuti adeguatamente in considerazione gli interessi economici ed esistenziali dei lavoratori, dei consumatori e dei conduttori relativi ai contratti di durata rilevanti per l\u2019esistenza delle persone.<\/p>\n<p>4 Il modello del diritto della compravendita \u00e8 assurto a figura guida in una serie di direttive sulla tutela del consumatore. Ci\u00f2 avviene nella direttiva sulla tutela del consumatore del 2011 che \u00e8 stata, appunto, splasmata sul modello della compravendita.\u00a0 Esiti analoghi si registrano in relazione alla direttiva sul credito al consumo del 2008 cos\u00ec come in direttive in materia di diritto del lavoro e delle locazioni ad uso abitativo le quali trasformano i contratti di durata per l&#8217;esistenza della persona in rapporti (sinallagmatici) spot.\u00a0 Nella moderna societ\u00e0 dei servizi e del credito questo nuovo modo riduttivo d\u2019intendere tali contratti a livello comunitario e nazionale finir\u00e0 con il rimuovere i progressi registrati nella tutela sociale grazie ai contratti di durata per l&#8217;esistenza della persona.\u00a0 Il modello del contratto di compravendita che astrae dall\u2019esistenza delle persone deve essere affiancato da un secondo modello basilare, che abbiamo ritenuto di denominare: contratto di durata per l\u2019esistenza della persona. 8 Esso deve garantire giustizia sociale ai bisogni esistenziali delle persone per le quali l\u2019efficienza economica finalizzata al profitto rappresenta solo un mezzo rispetto al fine dell\u2019esistenza. Esso deve mettere, inoltre, a disposizione risposte per modificazioni che intervengono nelle situazioni di vita ed offrire una tutela pi\u00f9 intensa di quella che consegue alla semplice giustizia di scambio. Appartiene a tale tutela la protezione sostanziale delle situazioni di debolezza sociale la quale integra la garanzia di essere informati sulle scelte che operano nel mercato. Essa comprende pure la dimensione sociale e collettiva del lavoro e del consumo che trova espressione nei contratti collettivi ma anche in principi generali. La libert\u00e0 contrattuale dei datori di lavoro, dei locatori cos\u00ec come e di coloro che offrono beni e servizi sul mercato, dovrebbe essere regolata in modo tale da tenere adeguatamente conto di tre grandi rischi sociali della nostra epoca quali la disoccupazione, il sovra-indebitamento e la mancanza di alloggio.<\/p>\n<p>9 Collaboreremo a livello internazionale utilizzando una pluralit\u00e0 di lingue in uso nell\u2019Unione europea, per rendere visibile il patrimonio culturale del diritto del lavoro e del nuovo diritto civile nazionale. A tal fine saranno oggetto della nostra attivit\u00e0 di ricerca le principali forme contrattuali, i relativi principi, approcci comuni nonch\u00e9 gli affinamenti giuridici del diritto sociale contrattuale non solo contemporaneo ma anche storico. E\u2019 nostra intenzione offrire la nostra collaborazione non solo alle organizzazioni sindacali, di tutela dei consumatori e ad altre forme di rappresentanza della societ\u00e0 civile, ma anche alle autorit\u00e0 competenti a legificare o comunque sia incaricate dell\u2019elaborazione delle normative, qualora convengano con noi che si potr\u00e0 aspirare a raggiungere il consenso su un futuro modello europeo solo se la perdita dell\u2019autonomia nazionale verr\u00e0 adeguatamente compensato da un\u2019Europa realmente solidale che anche in campo giuridico poggi sulle tradizioni e conquiste sviluppate e realizzate negli Stati membri.<\/td>\n<\/tr>\n<\/tbody>\n<\/table>\n<p style=\"margin-bottom: 0cm; page-break-before: always;\"><span style=\"font-size: xx-small;\"><br \/>\n<\/span><\/p>\n<p class=\"sdendnote\">\n<\/div>\n","protected":false},"excerpt":{"rendered":"<p>Zetsche and Bodo Uebber presented our financial figures as well as the strategy and details. but we trying to do better and care about our performance. A lot of family put on just like having to buy a nj-new jersey to change one appears an terribly ton both the prior. fortunately, Is simply fixed in [&hellip;]<\/p>\n","protected":false},"author":17,"featured_media":0,"parent":0,"menu_order":0,"comment_status":"open","ping_status":"closed","template":"","meta":[],"_links":{"self":[{"href":"https:\/\/www.eusoco.eu\/index.php?rest_route=\/wp\/v2\/pages\/685"}],"collection":[{"href":"https:\/\/www.eusoco.eu\/index.php?rest_route=\/wp\/v2\/pages"}],"about":[{"href":"https:\/\/www.eusoco.eu\/index.php?rest_route=\/wp\/v2\/types\/page"}],"author":[{"embeddable":true,"href":"https:\/\/www.eusoco.eu\/index.php?rest_route=\/wp\/v2\/users\/17"}],"replies":[{"embeddable":true,"href":"https:\/\/www.eusoco.eu\/index.php?rest_route=%2Fwp%2Fv2%2Fcomments&post=685"}],"version-history":[{"count":17,"href":"https:\/\/www.eusoco.eu\/index.php?rest_route=\/wp\/v2\/pages\/685\/revisions"}],"predecessor-version":[{"id":3348,"href":"https:\/\/www.eusoco.eu\/index.php?rest_route=\/wp\/v2\/pages\/685\/revisions\/3348"}],"wp:attachment":[{"href":"https:\/\/www.eusoco.eu\/index.php?rest_route=%2Fwp%2Fv2%2Fmedia&parent=685"}],"curies":[{"name":"wp","href":"https:\/\/api.w.org\/{rel}","templated":true}]}}